{"id":153,"date":"2025-04-22T11:45:32","date_gmt":"2025-04-22T09:45:32","guid":{"rendered":"https:\/\/www.egeriapharm.it\/?page_id=153"},"modified":"2025-04-29T09:53:59","modified_gmt":"2025-04-29T07:53:59","slug":"cosmetica-sostenibile","status":"publish","type":"page","link":"https:\/\/www.egeriapharm.it\/index.php\/cosmetica-sostenibile\/","title":{"rendered":"Cosmetica Sostenibile"},"content":{"rendered":"\t\t<div data-elementor-type=\"wp-page\" data-elementor-id=\"153\" class=\"elementor elementor-153\" data-elementor-post-type=\"page\">\n\t\t\t\t<div class=\"elementor-element elementor-element-undefined-550dcfc e-con-full e-flex e-con e-parent\" data-id=\"undefined-550dcfc\" data-element_type=\"container\" data-settings=\"{&quot;background_background&quot;:&quot;classic&quot;}\">\n\t\t<div class=\"elementor-element elementor-element-undefined-6fd8ce8 e-flex e-con-boxed e-con e-child\" data-id=\"undefined-6fd8ce8\" data-element_type=\"container\">\n\t\t\t\t\t<div class=\"e-con-inner\">\n\t\t<div class=\"elementor-element elementor-element-undefined-dba417c e-flex e-con-boxed e-con e-child\" data-id=\"undefined-dba417c\" data-element_type=\"container\">\n\t\t\t\t\t<div class=\"e-con-inner\">\n\t\t\t\t<div class=\"elementor-element elementor-element-undefined-494c69f elementor-widget elementor-widget-heading\" data-id=\"undefined-494c69f\" data-element_type=\"widget\" data-widget_type=\"heading.default\">\n\t\t\t\t<div class=\"elementor-widget-container\">\n\t\t\t\t\t<h2 class=\"elementor-heading-title elementor-size-default\">Cosmetica Sostenibile: La Bellezza del Futuro\n<\/h2>\t\t\t\t<\/div>\n\t\t\t\t<\/div>\n\t\t\t\t\t<\/div>\n\t\t\t\t<\/div>\n\t\t<div class=\"elementor-element elementor-element-undefined-de134c9 e-con-full e-flex e-con e-child\" data-id=\"undefined-de134c9\" data-element_type=\"container\">\n\t\t\t\t<div class=\"elementor-element elementor-element-undefined-ed9aa8f elementor-widget elementor-widget-text-editor\" data-id=\"undefined-ed9aa8f\" data-element_type=\"widget\" data-widget_type=\"text-editor.default\">\n\t\t\t\t<div class=\"elementor-widget-container\">\n\t\t\t\t\t\t\t\t\t<p>Oggi, la sostenibilit\u00e0 non \u00e8 pi\u00f9 solo una scelta, ma una necessit\u00e0 fondamentale per la nostra societ\u00e0 e il nostro pianeta. Il settore cosmetico sta vivendo una vera e propria rivoluzione green, un cambiamento che abbraccia ogni aspetto del processo produttivo: dalla selezione degli ingredienti al packaging, fino alla logistica. Ogni fase viene ripensata con l\u2019obiettivo di ridurre al minimo l\u2019impatto ambientale, preservando le risorse naturali e promuovendo un futuro pi\u00f9 sostenibile.<\/p><p>\u00a0<\/p>\t\t\t\t\t\t\t\t<\/div>\n\t\t\t\t<\/div>\n\t\t\t\t<div class=\"elementor-element elementor-element-undefined-ed09b1b elementor-widget__width-auto elementor-widget elementor-widget-button\" data-id=\"undefined-ed09b1b\" data-element_type=\"widget\" data-widget_type=\"button.default\">\n\t\t\t\t<div class=\"elementor-widget-container\">\n\t\t\t\t\t\t\t\t\t<div class=\"elementor-button-wrapper\">\n\t\t\t\t\t<a class=\"elementor-button elementor-button-link elementor-size-sm\" href=\"https:\/\/www.egeriapharm.it\/index.php\/configurazione\/\">\n\t\t\t\t\t\t<span class=\"elementor-button-content-wrapper\">\n\t\t\t\t\t\t\t\t\t<span class=\"elementor-button-text\">Configura il tuo prodotto<\/span>\n\t\t\t\t\t<\/span>\n\t\t\t\t\t<\/a>\n\t\t\t\t<\/div>\n\t\t\t\t\t\t\t\t<\/div>\n\t\t\t\t<\/div>\n\t\t\t\t<\/div>\n\t\t\t\t\t<\/div>\n\t\t\t\t<\/div>\n\t\t\t\t<\/div>\n\t\t<div class=\"elementor-element elementor-element-undefined-53084da e-flex e-con-boxed e-con e-parent\" data-id=\"undefined-53084da\" data-element_type=\"container\" data-settings=\"{&quot;background_background&quot;:&quot;classic&quot;}\">\n\t\t\t\t\t<div class=\"e-con-inner\">\n\t\t<div class=\"elementor-element elementor-element-undefined-4be9453 e-con-full e-flex e-con e-child\" data-id=\"undefined-4be9453\" data-element_type=\"container\">\n\t\t\t\t<div class=\"elementor-element elementor-element-undefined-b328e35 elementor-widget elementor-widget-image\" data-id=\"undefined-b328e35\" data-element_type=\"widget\" data-widget_type=\"image.default\">\n\t\t\t\t<div class=\"elementor-widget-container\">\n\t\t\t\t\t\t\t\t\t\t\t\t\t\t\t<img fetchpriority=\"high\" decoding=\"async\" width=\"924\" height=\"922\" src=\"https:\/\/www.egeriapharm.it\/wp-content\/uploads\/2025\/04\/Screenshot-2025-04-29-alle-09.50.15.png\" class=\"attachment-full size-full wp-image-214\" alt=\"\" srcset=\"https:\/\/www.egeriapharm.it\/wp-content\/uploads\/2025\/04\/Screenshot-2025-04-29-alle-09.50.15.png 924w, https:\/\/www.egeriapharm.it\/wp-content\/uploads\/2025\/04\/Screenshot-2025-04-29-alle-09.50.15-300x300.png 300w, https:\/\/www.egeriapharm.it\/wp-content\/uploads\/2025\/04\/Screenshot-2025-04-29-alle-09.50.15-150x150.png 150w, https:\/\/www.egeriapharm.it\/wp-content\/uploads\/2025\/04\/Screenshot-2025-04-29-alle-09.50.15-768x766.png 768w\" sizes=\"(max-width: 924px) 100vw, 924px\" \/>\t\t\t\t\t\t\t\t\t\t\t\t\t\t\t<\/div>\n\t\t\t\t<\/div>\n\t\t\t\t<div class=\"elementor-element elementor-element-undefined-0e98a9e elementor-widget elementor-widget-heading\" data-id=\"undefined-0e98a9e\" data-element_type=\"widget\" data-widget_type=\"heading.default\">\n\t\t\t\t<div class=\"elementor-widget-container\">\n\t\t\t\t\t<h2 class=\"elementor-heading-title elementor-size-default\">Energia Solare per una Cosmetica Sostenibile\n<\/h2>\t\t\t\t<\/div>\n\t\t\t\t<\/div>\n\t\t\t\t<div class=\"elementor-element elementor-element-undefined-4dd58fd elementor-widget elementor-widget-text-editor\" data-id=\"undefined-4dd58fd\" data-element_type=\"widget\" data-widget_type=\"text-editor.default\">\n\t\t\t\t<div class=\"elementor-widget-container\">\n\t\t\t\t\t\t\t\t\t<p>La nostra azienda ha scelto di investire nell\u2019energia solare per ridurre l\u2019impatto ambientale. Grazie all\u2019installazione di pannelli solari, sfruttiamo una fonte rinnovabile per alimentare i nostri impianti e abbattere le emissioni di CO\u2082. Questo ci consente di ottimizzare i nostri processi produttivi e contribuire attivamente alla protezione dell\u2019ambiente, rendendo ogni prodotto pi\u00f9 sostenibile.<\/p><p>\u00a0<\/p>\t\t\t\t\t\t\t\t<\/div>\n\t\t\t\t<\/div>\n\t\t\t\t<\/div>\n\t\t<div class=\"elementor-element elementor-element-undefined-85bdf44 e-con-full e-flex e-con e-child\" data-id=\"undefined-85bdf44\" data-element_type=\"container\">\n\t\t\t\t<div class=\"elementor-element elementor-element-undefined-ac1d88c elementor-widget elementor-widget-image\" data-id=\"undefined-ac1d88c\" data-element_type=\"widget\" data-widget_type=\"image.default\">\n\t\t\t\t<div class=\"elementor-widget-container\">\n\t\t\t\t\t\t\t\t\t\t\t\t\t\t\t<img decoding=\"async\" width=\"922\" height=\"926\" src=\"https:\/\/www.egeriapharm.it\/wp-content\/uploads\/2025\/04\/Screenshot-2025-04-29-alle-09.50.29.png\" class=\"attachment-full size-full wp-image-213\" alt=\"\" srcset=\"https:\/\/www.egeriapharm.it\/wp-content\/uploads\/2025\/04\/Screenshot-2025-04-29-alle-09.50.29.png 922w, https:\/\/www.egeriapharm.it\/wp-content\/uploads\/2025\/04\/Screenshot-2025-04-29-alle-09.50.29-300x300.png 300w, https:\/\/www.egeriapharm.it\/wp-content\/uploads\/2025\/04\/Screenshot-2025-04-29-alle-09.50.29-150x150.png 150w, https:\/\/www.egeriapharm.it\/wp-content\/uploads\/2025\/04\/Screenshot-2025-04-29-alle-09.50.29-768x771.png 768w\" sizes=\"(max-width: 922px) 100vw, 922px\" \/>\t\t\t\t\t\t\t\t\t\t\t\t\t\t\t<\/div>\n\t\t\t\t<\/div>\n\t\t\t\t<div class=\"elementor-element elementor-element-undefined-4f6c36c elementor-widget elementor-widget-heading\" data-id=\"undefined-4f6c36c\" data-element_type=\"widget\" data-widget_type=\"heading.default\">\n\t\t\t\t<div class=\"elementor-widget-container\">\n\t\t\t\t\t<h2 class=\"elementor-heading-title elementor-size-default\">Ingredienti e Formule: Performance e Rispetto per l\u2019Ambiente\n<\/h2>\t\t\t\t<\/div>\n\t\t\t\t<\/div>\n\t\t\t\t<div class=\"elementor-element elementor-element-undefined-695e2b1 elementor-widget elementor-widget-text-editor\" data-id=\"undefined-695e2b1\" data-element_type=\"widget\" data-widget_type=\"text-editor.default\">\n\t\t\t\t<div class=\"elementor-widget-container\">\n\t\t\t\t\t\t\t\t\t<p>Cosmetica sostenibile significa trovare la perfetta armonia tra efficacia e impatto ambientale. Le formulazioni devono garantire sicurezza e risultati ottimali, evitando ingredienti dannosi per l\u2019ecosistema. La ricerca avanza verso l\u2019uso di materie prime rinnovabili, ingredienti biodegradabili e processi produttivi a basso consumo energetico.<\/p><p>\u00a0<\/p>\t\t\t\t\t\t\t\t<\/div>\n\t\t\t\t<\/div>\n\t\t\t\t<\/div>\n\t\t\t\t\t<\/div>\n\t\t\t\t<\/div>\n\t\t<div class=\"elementor-element elementor-element-undefined-5f97429 e-flex e-con-boxed e-con e-parent\" data-id=\"undefined-5f97429\" data-element_type=\"container\" data-settings=\"{&quot;background_background&quot;:&quot;classic&quot;}\">\n\t\t\t\t\t<div class=\"e-con-inner\">\n\t\t\t\t<div class=\"elementor-element elementor-element-undefined-71f9b09 elementor-widget elementor-widget-heading\" data-id=\"undefined-71f9b09\" data-element_type=\"widget\" data-widget_type=\"heading.default\">\n\t\t\t\t<div class=\"elementor-widget-container\">\n\t\t\t\t\t<h2 class=\"elementor-heading-title elementor-size-default\">I nostri punti di forza<\/h2>\t\t\t\t<\/div>\n\t\t\t\t<\/div>\n\t\t<div class=\"elementor-element elementor-element-undefined-081a664 e-con-full e-flex e-con e-child\" data-id=\"undefined-081a664\" data-element_type=\"container\">\n\t\t<div class=\"elementor-element elementor-element-undefined-065630f e-con-full e-flex e-con e-child\" data-id=\"undefined-065630f\" data-element_type=\"container\">\n\t\t\t\t<div class=\"elementor-element elementor-element-undefined-96416b3 elementor-widget-divider--view-line elementor-widget elementor-widget-divider\" data-id=\"undefined-96416b3\" data-element_type=\"widget\" data-widget_type=\"divider.default\">\n\t\t\t\t<div class=\"elementor-widget-container\">\n\t\t\t\t\t\t\t<div class=\"elementor-divider\">\n\t\t\t<span class=\"elementor-divider-separator\">\n\t\t\t\t\t\t<\/span>\n\t\t<\/div>\n\t\t\t\t\t\t<\/div>\n\t\t\t\t<\/div>\n\t\t\t\t<div class=\"elementor-element elementor-element-undefined-c5cca6a elementor-widget elementor-widget-heading\" data-id=\"undefined-c5cca6a\" data-element_type=\"widget\" data-widget_type=\"heading.default\">\n\t\t\t\t<div class=\"elementor-widget-container\">\n\t\t\t\t\t<h2 class=\"elementor-heading-title elementor-size-default\">La nuova frontiera della cosmesi green<\/h2>\t\t\t\t<\/div>\n\t\t\t\t<\/div>\n\t\t\t\t<div class=\"elementor-element elementor-element-undefined-7ddde45 elementor-widget elementor-widget-text-editor\" data-id=\"undefined-7ddde45\" data-element_type=\"widget\" data-widget_type=\"text-editor.default\">\n\t\t\t\t<div class=\"elementor-widget-container\">\n\t\t\t\t\t\t\t\t\t<p data-start=\"180\" data-end=\"572\">La bellezza si evolve, guidata da una crescente consapevolezza: ogni scelta conta. Oggi, la cosmesi green non \u00e8 solo una tendenza, ma un impegno concreto verso un futuro pi\u00f9 responsabile e sostenibile. La ricerca di ingredienti naturali, l\u2019adozione di materiali riciclabili e la riduzione degli sprechi sono solo alcune delle azioni che definiscono un settore sempre pi\u00f9 attento all\u2019ambiente.<\/p>\t\t\t\t\t\t\t\t<\/div>\n\t\t\t\t<\/div>\n\t\t\t\t<\/div>\n\t\t<div class=\"elementor-element elementor-element-undefined-2d696f2 e-con-full e-flex e-con e-child\" data-id=\"undefined-2d696f2\" data-element_type=\"container\">\n\t\t\t\t<div class=\"elementor-element elementor-element-undefined-279ab6e elementor-widget-divider--view-line elementor-widget elementor-widget-divider\" data-id=\"undefined-279ab6e\" data-element_type=\"widget\" data-widget_type=\"divider.default\">\n\t\t\t\t<div class=\"elementor-widget-container\">\n\t\t\t\t\t\t\t<div class=\"elementor-divider\">\n\t\t\t<span class=\"elementor-divider-separator\">\n\t\t\t\t\t\t<\/span>\n\t\t<\/div>\n\t\t\t\t\t\t<\/div>\n\t\t\t\t<\/div>\n\t\t\t\t<div class=\"elementor-element elementor-element-undefined-ab4f834 elementor-widget elementor-widget-heading\" data-id=\"undefined-ab4f834\" data-element_type=\"widget\" data-widget_type=\"heading.default\">\n\t\t\t\t<div class=\"elementor-widget-container\">\n\t\t\t\t\t<h2 class=\"elementor-heading-title elementor-size-default\">Produzione e impatto ambientale<\/h2>\t\t\t\t<\/div>\n\t\t\t\t<\/div>\n\t\t\t\t<div class=\"elementor-element elementor-element-undefined-f8f832e elementor-widget elementor-widget-text-editor\" data-id=\"undefined-f8f832e\" data-element_type=\"widget\" data-widget_type=\"text-editor.default\">\n\t\t\t\t<div class=\"elementor-widget-container\">\n\t\t\t\t\t\t\t\t\t<p>Essere sostenibili nel mondo della cosmesi significa ripensare ogni fase della produzione, riducendo l\u2019impatto sull\u2019ambiente e privilegiando scelte pi\u00f9 responsabili. La qualit\u00e0 dei prodotti deve andare di pari passo con il rispetto per la natura, adottando processi che ottimizzano l\u2019uso delle risorse e riducono gli sprechi.<\/p><p>\u00a0<\/p>\t\t\t\t\t\t\t\t<\/div>\n\t\t\t\t<\/div>\n\t\t\t\t<\/div>\n\t\t<div class=\"elementor-element elementor-element-undefined-f93c935 e-con-full e-flex e-con e-child\" data-id=\"undefined-f93c935\" data-element_type=\"container\">\n\t\t\t\t<div class=\"elementor-element elementor-element-undefined-a135614 elementor-widget-divider--view-line elementor-widget elementor-widget-divider\" data-id=\"undefined-a135614\" data-element_type=\"widget\" data-widget_type=\"divider.default\">\n\t\t\t\t<div class=\"elementor-widget-container\">\n\t\t\t\t\t\t\t<div class=\"elementor-divider\">\n\t\t\t<span class=\"elementor-divider-separator\">\n\t\t\t\t\t\t<\/span>\n\t\t<\/div>\n\t\t\t\t\t\t<\/div>\n\t\t\t\t<\/div>\n\t\t\t\t<div class=\"elementor-element elementor-element-undefined-c77d373 elementor-widget elementor-widget-heading\" data-id=\"undefined-c77d373\" data-element_type=\"widget\" data-widget_type=\"heading.default\">\n\t\t\t\t<div class=\"elementor-widget-container\">\n\t\t\t\t\t<h2 class=\"elementor-heading-title elementor-size-default\">Packaging: Il valore di un imballaggio green<\/h2>\t\t\t\t<\/div>\n\t\t\t\t<\/div>\n\t\t\t\t<div class=\"elementor-element elementor-element-undefined-6f27301 elementor-widget elementor-widget-text-editor\" data-id=\"undefined-6f27301\" data-element_type=\"widget\" data-widget_type=\"text-editor.default\">\n\t\t\t\t<div class=\"elementor-widget-container\">\n\t\t\t\t\t\t\t\t\t<p>Il packaging \u00e8 una delle principali sfide della sostenibilit\u00e0 nella cosmesi. L\u2019obiettivo? Ridurre gli sprechi e scegliere materiali innovativi che siano riciclabili, riutilizzabili e a basso impatto ambientale, senza compromettere sicurezza e conservazione del prodotto. Innoviamo costantemente per garantire che ogni confezione non solo protegga la qualit\u00e0 del prodotto, ma contribuisca anche a un futuro pi\u00f9 verde e sostenibile.<\/p><p>\u00a0<\/p>\t\t\t\t\t\t\t\t<\/div>\n\t\t\t\t<\/div>\n\t\t\t\t<\/div>\n\t\t<div class=\"elementor-element elementor-element-undefined-41b88fd e-con-full e-flex e-con e-child\" data-id=\"undefined-41b88fd\" data-element_type=\"container\">\n\t\t\t\t<div class=\"elementor-element elementor-element-undefined-9049577 elementor-widget-divider--view-line elementor-widget elementor-widget-divider\" data-id=\"undefined-9049577\" data-element_type=\"widget\" data-widget_type=\"divider.default\">\n\t\t\t\t<div class=\"elementor-widget-container\">\n\t\t\t\t\t\t\t<div class=\"elementor-divider\">\n\t\t\t<span class=\"elementor-divider-separator\">\n\t\t\t\t\t\t<\/span>\n\t\t<\/div>\n\t\t\t\t\t\t<\/div>\n\t\t\t\t<\/div>\n\t\t\t\t<div class=\"elementor-element elementor-element-undefined-5e30251 elementor-widget elementor-widget-heading\" data-id=\"undefined-5e30251\" data-element_type=\"widget\" data-widget_type=\"heading.default\">\n\t\t\t\t<div class=\"elementor-widget-container\">\n\t\t\t\t\t<h2 class=\"elementor-heading-title elementor-size-default\">Una nuova era per la cosmesi<\/h2>\t\t\t\t<\/div>\n\t\t\t\t<\/div>\n\t\t\t\t<div class=\"elementor-element elementor-element-undefined-590ce92 elementor-widget elementor-widget-text-editor\" data-id=\"undefined-590ce92\" data-element_type=\"widget\" data-widget_type=\"text-editor.default\">\n\t\t\t\t<div class=\"elementor-widget-container\">\n\t\t\t\t\t\t\t\t\t<p>La cosmesi sostenibile non \u00e8 solo una tendenza, ma un cambiamento radicale. I consumatori oggi sono pi\u00f9 attenti e chiedono prodotti che rispettino sia la pelle che l\u2019ambiente. Siamo orgogliosi di essere parte di un cambiamento che ridefinisce la cosmesi, con un approccio che combina performance, sicurezza e un impatto positivo sul pianeta.<\/p><p>\u00a0<\/p>\t\t\t\t\t\t\t\t<\/div>\n\t\t\t\t<\/div>\n\t\t\t\t<\/div>\n\t\t\t\t<\/div>\n\t\t\t\t\t<\/div>\n\t\t\t\t<\/div>\n\t\t\t\t<\/div>\n\t\t","protected":false},"excerpt":{"rendered":"<p>Cosmetica Sostenibile: La Bellezza del Futuro Oggi, la sostenibilit\u00e0 non \u00e8 pi\u00f9 solo una scelta, ma una necessit\u00e0 fondamentale per la nostra societ\u00e0 e il nostro pianeta. Il settore cosmetico sta vivendo una vera e propria rivoluzione green, un cambiamento che abbraccia ogni aspetto del processo produttivo: dalla selezione degli ingredienti al packaging, fino alla [&hellip;]<\/p>\n","protected":false},"author":1,"featured_media":0,"parent":0,"menu_order":0,"comment_status":"closed","ping_status":"closed","template":"","meta":{"footnotes":""},"class_list":["post-153","page","type-page","status-publish","hentry"],"_links":{"self":[{"href":"https:\/\/www.egeriapharm.it\/index.php\/wp-json\/wp\/v2\/pages\/153","targetHints":{"allow":["GET"]}}],"collection":[{"href":"https:\/\/www.egeriapharm.it\/index.php\/wp-json\/wp\/v2\/pages"}],"about":[{"href":"https:\/\/www.egeriapharm.it\/index.php\/wp-json\/wp\/v2\/types\/page"}],"author":[{"embeddable":true,"href":"https:\/\/www.egeriapharm.it\/index.php\/wp-json\/wp\/v2\/users\/1"}],"replies":[{"embeddable":true,"href":"https:\/\/www.egeriapharm.it\/index.php\/wp-json\/wp\/v2\/comments?post=153"}],"version-history":[{"count":4,"href":"https:\/\/www.egeriapharm.it\/index.php\/wp-json\/wp\/v2\/pages\/153\/revisions"}],"predecessor-version":[{"id":217,"href":"https:\/\/www.egeriapharm.it\/index.php\/wp-json\/wp\/v2\/pages\/153\/revisions\/217"}],"wp:attachment":[{"href":"https:\/\/www.egeriapharm.it\/index.php\/wp-json\/wp\/v2\/media?parent=153"}],"curies":[{"name":"wp","href":"https:\/\/api.w.org\/{rel}","templated":true}]}}