{"id":183,"date":"2025-04-22T12:04:28","date_gmt":"2025-04-22T10:04:28","guid":{"rendered":"https:\/\/www.egeriapharm.it\/?page_id=183"},"modified":"2025-04-22T12:10:04","modified_gmt":"2025-04-22T10:10:04","slug":"ricerca-e-sviluppo","status":"publish","type":"page","link":"https:\/\/www.egeriapharm.it\/index.php\/ricerca-e-sviluppo\/","title":{"rendered":"Ricerca e Sviluppo"},"content":{"rendered":"\t\t<div data-elementor-type=\"wp-page\" data-elementor-id=\"183\" class=\"elementor elementor-183\" data-elementor-post-type=\"page\">\n\t\t\t\t<div class=\"elementor-element elementor-element-undefined-132bd9c e-flex e-con-boxed e-con e-parent\" data-id=\"undefined-132bd9c\" data-element_type=\"container\">\n\t\t\t\t\t<div class=\"e-con-inner\">\n\t\t<div class=\"elementor-element elementor-element-undefined-f58dd94 e-flex e-con-boxed e-con e-child\" data-id=\"undefined-f58dd94\" data-element_type=\"container\">\n\t\t\t\t\t<div class=\"e-con-inner\">\n\t\t\t\t<div class=\"elementor-element elementor-element-undefined-0402b1c elementor-widget-mobile__width-initial elementor-widget elementor-widget-image\" data-id=\"undefined-0402b1c\" data-element_type=\"widget\" data-widget_type=\"image.default\">\n\t\t\t\t<div class=\"elementor-widget-container\">\n\t\t\t\t\t\t\t\t\t\t\t\t\t\t\t<img fetchpriority=\"high\" decoding=\"async\" width=\"768\" height=\"1024\" src=\"https:\/\/www.egeriapharm.it\/wp-content\/uploads\/2025\/04\/WhatsApp-Image-2025-04-22-at-10.54.27-768x1024.jpeg\" class=\"attachment-large size-large wp-image-167\" alt=\"\" srcset=\"https:\/\/www.egeriapharm.it\/wp-content\/uploads\/2025\/04\/WhatsApp-Image-2025-04-22-at-10.54.27-768x1024.jpeg 768w, https:\/\/www.egeriapharm.it\/wp-content\/uploads\/2025\/04\/WhatsApp-Image-2025-04-22-at-10.54.27-225x300.jpeg 225w, https:\/\/www.egeriapharm.it\/wp-content\/uploads\/2025\/04\/WhatsApp-Image-2025-04-22-at-10.54.27-1152x1536.jpeg 1152w, https:\/\/www.egeriapharm.it\/wp-content\/uploads\/2025\/04\/WhatsApp-Image-2025-04-22-at-10.54.27.jpeg 1368w\" sizes=\"(max-width: 768px) 100vw, 768px\" \/>\t\t\t\t\t\t\t\t\t\t\t\t\t\t\t<\/div>\n\t\t\t\t<\/div>\n\t\t\t\t\t<\/div>\n\t\t\t\t<\/div>\n\t\t<div class=\"elementor-element elementor-element-undefined-63bab72 e-con-full e-flex e-con e-child\" data-id=\"undefined-63bab72\" data-element_type=\"container\">\n\t\t\t\t<div class=\"elementor-element elementor-element-undefined-9959cff elementor-widget elementor-widget-heading\" data-id=\"undefined-9959cff\" data-element_type=\"widget\" data-widget_type=\"heading.default\">\n\t\t\t\t<div class=\"elementor-widget-container\">\n\t\t\t\t\t<h1 class=\"elementor-heading-title elementor-size-default\">Ricerca e Sviluppo<\/h1>\t\t\t\t<\/div>\n\t\t\t\t<\/div>\n\t\t\t\t<div class=\"elementor-element elementor-element-undefined-d5e8025 elementor-widget elementor-widget-text-editor\" data-id=\"undefined-d5e8025\" data-element_type=\"widget\" data-widget_type=\"text-editor.default\">\n\t\t\t\t<div class=\"elementor-widget-container\">\n\t\t\t\t\t\t\t\t\t<div class=\"elementor-element elementor-element-137c1fe elementor-widget elementor-widget-text-editor\" data-id=\"137c1fe\" data-element_type=\"widget\" data-widget_type=\"text-editor.default\"><div class=\"elementor-widget-container\"><p data-pm-slice=\"1 1 []\">Il nostro reparto\u00a0<strong>Ricerca &amp; Sviluppo<\/strong>\u00a0\u00e8 sempre al lavoro per trasformare idee innovative in realt\u00e0 concrete, combinando esperienza, tecnologia e una profonda attenzione alla sostenibilit\u00e0. Grazie a un approccio scientifico avanzato e alla selezione di ingredienti di alta qualit\u00e0, sviluppiamo formulazioni cosmetiche efficaci e all\u2019avanguardia, pensate per soddisfare le esigenze di ogni tipologia di cliente.<\/p><\/div><\/div><div class=\"elementor-element elementor-element-0634bea elementor-widget elementor-widget-heading\" data-id=\"0634bea\" data-element_type=\"widget\" data-widget_type=\"heading.default\"><div class=\"elementor-widget-container\"><div class=\"elementor-element elementor-element-0634bea elementor-widget elementor-widget-heading\" data-id=\"0634bea\" data-element_type=\"widget\" data-widget_type=\"heading.default\"><div class=\"elementor-widget-container\"><h1 class=\"elementor-heading-title elementor-size-default\">Egeria Pharm: Il Partner Ideale per il Tuo Brand Cosmetico<\/h1><\/div><\/div><div class=\"elementor-element elementor-element-24dc11d elementor-widget elementor-widget-text-editor\" data-id=\"24dc11d\" data-element_type=\"widget\" data-widget_type=\"text-editor.default\"><div class=\"elementor-widget-container\"><p data-pm-slice=\"1 1 []\">Egeria Pharm \u00e8 la scelta perfetta per chi desidera creare o ampliare la propria linea cosmetica con prodotti unici e personalizzati. Offriamo soluzioni flessibili per\u00a0<strong>piccole, medie e grandi produzioni<\/strong>, garantendo sempre elevati standard di qualit\u00e0 e sicurezza. Dalla ricerca alla produzione, ogni fase del processo \u00e8 seguita con cura per assicurare un risultato eccellente.<\/p><\/div><\/div><\/div><\/div>\t\t\t\t\t\t\t\t<\/div>\n\t\t\t\t<\/div>\n\t\t\t\t<\/div>\n\t\t\t\t\t<\/div>\n\t\t\t\t<\/div>\n\t\t<div class=\"elementor-element elementor-element-undefined-40f41bb e-flex e-con-boxed e-con e-parent\" data-id=\"undefined-40f41bb\" data-element_type=\"container\" data-settings=\"{&quot;background_background&quot;:&quot;classic&quot;}\">\n\t\t\t\t\t<div class=\"e-con-inner\">\n\t\t<div class=\"elementor-element elementor-element-undefined-1da3117 e-con-full e-flex e-con e-child\" data-id=\"undefined-1da3117\" data-element_type=\"container\">\n\t\t\t\t<div class=\"elementor-element elementor-element-undefined-db991b0 elementor-widget elementor-widget-heading\" data-id=\"undefined-db991b0\" data-element_type=\"widget\" data-widget_type=\"heading.default\">\n\t\t\t\t<div class=\"elementor-widget-container\">\n\t\t\t\t\t<h2 class=\"elementor-heading-title elementor-size-default\">Pi\u00f9 di una Semplice Produzione: Un Supporto Completo per il Tuo Progetto\n<\/h2>\t\t\t\t<\/div>\n\t\t\t\t<\/div>\n\t\t\t\t<div class=\"elementor-element elementor-element-undefined-d3d02c2 elementor-widget elementor-widget-text-editor\" data-id=\"undefined-d3d02c2\" data-element_type=\"widget\" data-widget_type=\"text-editor.default\">\n\t\t\t\t<div class=\"elementor-widget-container\">\n\t\t\t\t\t\t\t\t\t<div class=\"elementor-element elementor-element-14a19ed elementor-widget elementor-widget-text-editor\" data-id=\"14a19ed\" data-element_type=\"widget\" data-widget_type=\"text-editor.default\"><div class=\"elementor-widget-container\"><p>Non ci limitiamo a formulare e produrre cosmetici: il nostro team di esperti ti affianca in ogni fase del percorso, supportandoti in modo strategico per rendere il tuo brand competitivo e distintivo sul mercato. Analizziamo le\u00a0<strong>tendenze emergenti<\/strong>, selezioniamo\u00a0<strong>principi attivi innovativi<\/strong>\u00a0e curiamo ogni dettaglio del\u00a0<strong>packaging<\/strong>, garantendo soluzioni eco-friendly e materiali sostenibili.<\/p><\/div><\/div><div class=\"elementor-element elementor-element-832e0f6 elementor-widget elementor-widget-heading\" data-id=\"832e0f6\" data-element_type=\"widget\" data-widget_type=\"heading.default\"><div class=\"elementor-widget-container\"><h1 class=\"elementor-heading-title elementor-size-default\">Dalla Formula al Mercato: Un Approccio a 360\u00b0<\/h1><\/div><\/div><div class=\"elementor-element elementor-element-2930e7f elementor-widget elementor-widget-text-editor\" data-id=\"2930e7f\" data-element_type=\"widget\" data-widget_type=\"text-editor.default\"><div class=\"elementor-widget-container\"><p data-pm-slice=\"1 1 []\">Aiutiamo aziende e professionisti del settore a sviluppare\u00a0<strong>strategie vincenti<\/strong>, offrendo soluzioni su misura per\u00a0<strong>brand, operatori e distributori<\/strong>. Il nostro obiettivo \u00e8 fornire\u00a0<strong>opportunit\u00e0 illimitate di crescita<\/strong>, affiancando i clienti nella creazione di prodotti in linea con le richieste del mercato e le esigenze dei consumatori.<\/p><\/div><\/div>\t\t\t\t\t\t\t\t<\/div>\n\t\t\t\t<\/div>\n\t\t\t\t<\/div>\n\t\t<div class=\"elementor-element elementor-element-undefined-99dc012 e-con-full e-flex e-con e-child\" data-id=\"undefined-99dc012\" data-element_type=\"container\">\n\t\t\t\t<div class=\"elementor-element elementor-element-undefined-e89ef54 elementor-widget elementor-widget-image\" data-id=\"undefined-e89ef54\" data-element_type=\"widget\" data-widget_type=\"image.default\">\n\t\t\t\t<div class=\"elementor-widget-container\">\n\t\t\t\t\t\t\t\t\t\t\t\t\t\t\t<img decoding=\"async\" width=\"800\" height=\"800\" src=\"https:\/\/www.egeriapharm.it\/wp-content\/uploads\/2025\/04\/4-1024x1024.png\" class=\"attachment-large size-large wp-image-175\" alt=\"\" srcset=\"https:\/\/www.egeriapharm.it\/wp-content\/uploads\/2025\/04\/4-1024x1024.png 1024w, https:\/\/www.egeriapharm.it\/wp-content\/uploads\/2025\/04\/4-300x300.png 300w, https:\/\/www.egeriapharm.it\/wp-content\/uploads\/2025\/04\/4-150x150.png 150w, https:\/\/www.egeriapharm.it\/wp-content\/uploads\/2025\/04\/4-768x768.png 768w, https:\/\/www.egeriapharm.it\/wp-content\/uploads\/2025\/04\/4.png 1080w\" sizes=\"(max-width: 800px) 100vw, 800px\" \/>\t\t\t\t\t\t\t\t\t\t\t\t\t\t\t<\/div>\n\t\t\t\t<\/div>\n\t\t\t\t<\/div>\n\t\t\t\t\t<\/div>\n\t\t\t\t<\/div>\n\t\t\t\t<\/div>\n\t\t","protected":false},"excerpt":{"rendered":"<p>Ricerca e Sviluppo Il nostro reparto\u00a0Ricerca &amp; Sviluppo\u00a0\u00e8 sempre al lavoro per trasformare idee innovative in realt\u00e0 concrete, combinando esperienza, tecnologia e una profonda attenzione alla sostenibilit\u00e0. Grazie a un approccio scientifico avanzato e alla selezione di ingredienti di alta qualit\u00e0, sviluppiamo formulazioni cosmetiche efficaci e all\u2019avanguardia, pensate per soddisfare le esigenze di ogni tipologia [&hellip;]<\/p>\n","protected":false},"author":1,"featured_media":0,"parent":0,"menu_order":0,"comment_status":"closed","ping_status":"closed","template":"","meta":{"footnotes":""},"class_list":["post-183","page","type-page","status-publish","hentry"],"_links":{"self":[{"href":"https:\/\/www.egeriapharm.it\/index.php\/wp-json\/wp\/v2\/pages\/183","targetHints":{"allow":["GET"]}}],"collection":[{"href":"https:\/\/www.egeriapharm.it\/index.php\/wp-json\/wp\/v2\/pages"}],"about":[{"href":"https:\/\/www.egeriapharm.it\/index.php\/wp-json\/wp\/v2\/types\/page"}],"author":[{"embeddable":true,"href":"https:\/\/www.egeriapharm.it\/index.php\/wp-json\/wp\/v2\/users\/1"}],"replies":[{"embeddable":true,"href":"https:\/\/www.egeriapharm.it\/index.php\/wp-json\/wp\/v2\/comments?post=183"}],"version-history":[{"count":4,"href":"https:\/\/www.egeriapharm.it\/index.php\/wp-json\/wp\/v2\/pages\/183\/revisions"}],"predecessor-version":[{"id":188,"href":"https:\/\/www.egeriapharm.it\/index.php\/wp-json\/wp\/v2\/pages\/183\/revisions\/188"}],"wp:attachment":[{"href":"https:\/\/www.egeriapharm.it\/index.php\/wp-json\/wp\/v2\/media?parent=183"}],"curies":[{"name":"wp","href":"https:\/\/api.w.org\/{rel}","templated":true}]}}